{"id":225,"date":"2023-08-28T10:44:55","date_gmt":"2023-08-28T15:44:55","guid":{"rendered":"https:\/\/goastra.co\/clientes\/satto\/?page_id=225"},"modified":"2023-10-17T11:54:35","modified_gmt":"2023-10-17T16:54:35","slug":"quienes-somos","status":"publish","type":"page","link":"https:\/\/goastra.co\/clientes\/satto\/quienes-somos\/","title":{"rendered":"Qui\u00e9nes somos"},"content":{"rendered":"\t\t<div data-elementor-type=\"wp-page\" data-elementor-id=\"225\" class=\"elementor elementor-225\" data-elementor-post-type=\"page\">\n\t\t\t\t\t\t\t<div class=\"elementor-element elementor-element-ee557a3 e-con-full e-flex e-con e-parent\" data-id=\"ee557a3\" data-element_type=\"container\" data-settings=\"{&quot;content_width&quot;:&quot;full&quot;}\" data-core-v316-plus=\"true\">\n\t\t<div class=\"elementor-element elementor-element-1d1e8af e-con-full e-flex e-con e-child\" data-id=\"1d1e8af\" data-element_type=\"container\" data-settings=\"{&quot;content_width&quot;:&quot;full&quot;,&quot;background_background&quot;:&quot;classic&quot;}\">\n\t\t\t\t<\/div>\n\t\t\t\t<\/div>\n\t\t<div class=\"elementor-element elementor-element-318fdb7 e-con-full e-flex e-con e-parent\" data-id=\"318fdb7\" data-element_type=\"container\" data-settings=\"{&quot;content_width&quot;:&quot;full&quot;}\" data-core-v316-plus=\"true\">\n\t\t<div class=\"elementor-element elementor-element-274b5a3 e-con-full e-flex e-con e-child\" data-id=\"274b5a3\" data-element_type=\"container\" data-settings=\"{&quot;content_width&quot;:&quot;full&quot;}\">\n\t\t\t\t<div class=\"elementor-element elementor-element-7213261 elementor-widget__width-initial elementor-widget-mobile__width-inherit elementor-widget elementor-widget-text-editor\" data-id=\"7213261\" data-element_type=\"widget\" data-widget_type=\"text-editor.default\">\n\t\t\t\t<div class=\"elementor-widget-container\">\n\t\t\t<style>\/*! elementor - v3.16.0 - 17-10-2023 *\/\n.elementor-widget-text-editor.elementor-drop-cap-view-stacked .elementor-drop-cap{background-color:#69727d;color:#fff}.elementor-widget-text-editor.elementor-drop-cap-view-framed .elementor-drop-cap{color:#69727d;border:3px solid;background-color:transparent}.elementor-widget-text-editor:not(.elementor-drop-cap-view-default) .elementor-drop-cap{margin-top:8px}.elementor-widget-text-editor:not(.elementor-drop-cap-view-default) .elementor-drop-cap-letter{width:1em;height:1em}.elementor-widget-text-editor .elementor-drop-cap{float:left;text-align:center;line-height:1;font-size:50px}.elementor-widget-text-editor .elementor-drop-cap-letter{display:inline-block}<\/style>\t\t\t\tSomos una empresa industrial que busca encontrar soluciones en sistemas vidriados que permitan aumentar el confort y el bienestar de quienes habitan los espacios. Para alcanzar este objetivo contamos con dos l\u00edneas de negocio. \n\t\t\t\t\t\t<\/div>\n\t\t\t\t<\/div>\n\t\t\t\t<\/div>\n\t\t<div class=\"elementor-element elementor-element-5e8f7a9 e-con-full e-flex e-con e-child\" data-id=\"5e8f7a9\" data-element_type=\"container\" data-settings=\"{&quot;content_width&quot;:&quot;full&quot;}\">\n\t\t\t\t<div class=\"elementor-element elementor-element-cb35137 elementor-widget__width-inherit elementor-widget elementor-widget-text-editor\" data-id=\"cb35137\" data-element_type=\"widget\" data-widget_type=\"text-editor.default\">\n\t\t\t\t<div class=\"elementor-widget-container\">\n\t\t\t\t\t\t\tQUI\u00c9NES SOMOS\t\t\t\t\t\t<\/div>\n\t\t\t\t<\/div>\n\t\t\t\t<\/div>\n\t\t\t\t<\/div>\n\t\t<div class=\"elementor-element elementor-element-723e2f6 e-con-full e-flex e-con e-parent\" data-id=\"723e2f6\" data-element_type=\"container\" id=\"que-hacemos\" data-settings=\"{&quot;content_width&quot;:&quot;full&quot;}\" data-core-v316-plus=\"true\">\n\t\t\t\t<div class=\"elementor-element elementor-element-85632a9 elementor-widget-mobile__width-inherit elementor-widget-divider--view-line elementor-widget elementor-widget-divider\" data-id=\"85632a9\" data-element_type=\"widget\" data-widget_type=\"divider.default\">\n\t\t\t\t<div class=\"elementor-widget-container\">\n\t\t\t<style>\/*! elementor - v3.16.0 - 17-10-2023 *\/\n.elementor-widget-divider{--divider-border-style:none;--divider-border-width:1px;--divider-color:#0c0d0e;--divider-icon-size:20px;--divider-element-spacing:10px;--divider-pattern-height:24px;--divider-pattern-size:20px;--divider-pattern-url:none;--divider-pattern-repeat:repeat-x}.elementor-widget-divider .elementor-divider{display:flex}.elementor-widget-divider .elementor-divider__text{font-size:15px;line-height:1;max-width:95%}.elementor-widget-divider .elementor-divider__element{margin:0 var(--divider-element-spacing);flex-shrink:0}.elementor-widget-divider .elementor-icon{font-size:var(--divider-icon-size)}.elementor-widget-divider .elementor-divider-separator{display:flex;margin:0;direction:ltr}.elementor-widget-divider--view-line_icon .elementor-divider-separator,.elementor-widget-divider--view-line_text .elementor-divider-separator{align-items:center}.elementor-widget-divider--view-line_icon .elementor-divider-separator:after,.elementor-widget-divider--view-line_icon .elementor-divider-separator:before,.elementor-widget-divider--view-line_text .elementor-divider-separator:after,.elementor-widget-divider--view-line_text .elementor-divider-separator:before{display:block;content:\"\";border-bottom:0;flex-grow:1;border-top:var(--divider-border-width) var(--divider-border-style) var(--divider-color)}.elementor-widget-divider--element-align-left .elementor-divider .elementor-divider-separator>.elementor-divider__svg:first-of-type{flex-grow:0;flex-shrink:100}.elementor-widget-divider--element-align-left .elementor-divider-separator:before{content:none}.elementor-widget-divider--element-align-left .elementor-divider__element{margin-left:0}.elementor-widget-divider--element-align-right .elementor-divider .elementor-divider-separator>.elementor-divider__svg:last-of-type{flex-grow:0;flex-shrink:100}.elementor-widget-divider--element-align-right .elementor-divider-separator:after{content:none}.elementor-widget-divider--element-align-right .elementor-divider__element{margin-right:0}.elementor-widget-divider:not(.elementor-widget-divider--view-line_text):not(.elementor-widget-divider--view-line_icon) .elementor-divider-separator{border-top:var(--divider-border-width) var(--divider-border-style) var(--divider-color)}.elementor-widget-divider--separator-type-pattern{--divider-border-style:none}.elementor-widget-divider--separator-type-pattern.elementor-widget-divider--view-line .elementor-divider-separator,.elementor-widget-divider--separator-type-pattern:not(.elementor-widget-divider--view-line) .elementor-divider-separator:after,.elementor-widget-divider--separator-type-pattern:not(.elementor-widget-divider--view-line) .elementor-divider-separator:before,.elementor-widget-divider--separator-type-pattern:not([class*=elementor-widget-divider--view]) .elementor-divider-separator{width:100%;min-height:var(--divider-pattern-height);-webkit-mask-size:var(--divider-pattern-size) 100%;mask-size:var(--divider-pattern-size) 100%;-webkit-mask-repeat:var(--divider-pattern-repeat);mask-repeat:var(--divider-pattern-repeat);background-color:var(--divider-color);-webkit-mask-image:var(--divider-pattern-url);mask-image:var(--divider-pattern-url)}.elementor-widget-divider--no-spacing{--divider-pattern-size:auto}.elementor-widget-divider--bg-round{--divider-pattern-repeat:round}.rtl .elementor-widget-divider .elementor-divider__text{direction:rtl}.e-con-inner>.elementor-widget-divider,.e-con>.elementor-widget-divider{width:var(--container-widget-width,100%);--flex-grow:var(--container-widget-flex-grow)}<\/style>\t\t<div class=\"elementor-divider\">\n\t\t\t<span class=\"elementor-divider-separator\">\n\t\t\t\t\t\t<\/span>\n\t\t<\/div>\n\t\t\t\t<\/div>\n\t\t\t\t<\/div>\n\t\t<div class=\"elementor-element elementor-element-33a9633 e-con-full e-flex e-con e-child\" data-id=\"33a9633\" data-element_type=\"container\" data-settings=\"{&quot;content_width&quot;:&quot;full&quot;,&quot;background_background&quot;:&quot;classic&quot;}\">\n\t\t\t\t<\/div>\n\t\t<div class=\"elementor-element elementor-element-60130e4 e-con-full e-flex e-con e-child\" data-id=\"60130e4\" data-element_type=\"container\" data-settings=\"{&quot;content_width&quot;:&quot;full&quot;}\">\n\t\t\t\t<div class=\"elementor-element elementor-element-3c06135 elementor-widget__width-inherit elementor-widget elementor-widget-text-editor\" data-id=\"3c06135\" data-element_type=\"widget\" data-widget_type=\"text-editor.default\">\n\t\t\t\t<div class=\"elementor-widget-container\">\n\t\t\t\t\t\t\tQU\u00c9 HACEMOS\t\t\t\t\t\t<\/div>\n\t\t\t\t<\/div>\n\t\t\t\t<div class=\"elementor-element elementor-element-830d760 elementor-widget elementor-widget-text-editor\" data-id=\"830d760\" data-element_type=\"widget\" data-widget_type=\"text-editor.default\">\n\t\t\t\t<div class=\"elementor-widget-container\">\n\t\t\t\t\t\t\t<p>Transformamos vidrio arquitect\u00f3nico en templado, laminado, DVH, control solar, bajo emisivo, blindados, entre otros.<\/p><p>Dise\u00f1amos, fabricamos e instalamos ventanas y fachadas de aluminio, cerramientos en aluminio, acero y vidrio de medianas y altas especificaciones para viviendas, edificios, hoteles y sector institucional como comercio, laboratorios, colegios, oficinas, entre otros. Contamos con aliados nacionales e internacionales para atender proyectos en Colombia, el Caribe y Estados Unidos.<\/p>\t\t\t\t\t\t<\/div>\n\t\t\t\t<\/div>\n\t\t\t\t<\/div>\n\t\t\t\t<\/div>\n\t\t<div class=\"elementor-element elementor-element-47b70da e-con-full e-flex e-con e-parent\" data-id=\"47b70da\" data-element_type=\"container\" data-settings=\"{&quot;content_width&quot;:&quot;full&quot;}\" data-core-v316-plus=\"true\">\n\t\t\t\t<div class=\"elementor-element elementor-element-388a8f7 elementor-widget-divider--view-line elementor-widget elementor-widget-divider\" data-id=\"388a8f7\" data-element_type=\"widget\" data-widget_type=\"divider.default\">\n\t\t\t\t<div class=\"elementor-widget-container\">\n\t\t\t\t\t<div class=\"elementor-divider\">\n\t\t\t<span class=\"elementor-divider-separator\">\n\t\t\t\t\t\t<\/span>\n\t\t<\/div>\n\t\t\t\t<\/div>\n\t\t\t\t<\/div>\n\t\t<div class=\"elementor-element elementor-element-99a7922 e-con-full e-flex e-con e-child\" data-id=\"99a7922\" data-element_type=\"container\" data-settings=\"{&quot;content_width&quot;:&quot;full&quot;,&quot;background_background&quot;:&quot;classic&quot;}\">\n\t\t\t\t<\/div>\n\t\t\t\t<\/div>\n\t\t<div class=\"elementor-element elementor-element-8e176a5 e-con-full e-flex e-con e-parent\" data-id=\"8e176a5\" data-element_type=\"container\" id=\"equipos\" data-settings=\"{&quot;content_width&quot;:&quot;full&quot;}\" data-core-v316-plus=\"true\">\n\t\t<div class=\"elementor-element elementor-element-d3ffd77 e-con-full e-flex e-con e-child\" data-id=\"d3ffd77\" data-element_type=\"container\" data-settings=\"{&quot;content_width&quot;:&quot;full&quot;}\">\n\t\t\t\t<div class=\"elementor-element elementor-element-b7b3add elementor-widget__width-inherit elementor-widget-mobile__width-inherit elementor-widget elementor-widget-text-editor\" data-id=\"b7b3add\" data-element_type=\"widget\" data-widget_type=\"text-editor.default\">\n\t\t\t\t<div class=\"elementor-widget-container\">\n\t\t\t\t\t\t\tHacemos parte de ACOLVISE, la Asociaci\u00f3n Colombiana de Vidrio de Seguridad, donde buscamos proponer, promover y apoyar programas y servicios que influyan favorablemente en el estado del mercado colombiano de sistemas vidriados, protecci\u00f3n del usuario y el medio ambiente.\t\t\t\t\t\t<\/div>\n\t\t\t\t<\/div>\n\t\t\t\t<div class=\"elementor-element elementor-element-4c83a2a elementor-widget elementor-widget-text-editor\" data-id=\"4c83a2a\" data-element_type=\"widget\" data-widget_type=\"text-editor.default\">\n\t\t\t\t<div class=\"elementor-widget-container\">\n\t\t\t\t\t\t\t<span style=\"color: #222222;\"><a style=\"color: #222222;\" href=\"http:\/\/acolvise.org\/inicio\/\">http:\/\/acolvise.org\/inicio\/<\/a>\t\t\t\t\t\t<\/div>\n\t\t\t\t<\/div>\n\t\t\t\t<\/div>\n\t\t<div class=\"elementor-element elementor-element-a146bf8 e-con-full e-flex e-con e-child\" data-id=\"a146bf8\" data-element_type=\"container\" data-settings=\"{&quot;content_width&quot;:&quot;full&quot;}\">\n\t\t\t\t<div class=\"elementor-element elementor-element-6dc844f elementor-widget__width-inherit elementor-widget elementor-widget-text-editor\" data-id=\"6dc844f\" data-element_type=\"widget\" data-widget_type=\"text-editor.default\">\n\t\t\t\t<div class=\"elementor-widget-container\">\n\t\t\t\t\t\t\t<p>EQUIPOS<\/p>\t\t\t\t\t\t<\/div>\n\t\t\t\t<\/div>\n\t\t\t\t<\/div>\n\t\t\t\t<\/div>\n\t\t<div class=\"elementor-element elementor-element-7286ab0 e-con-full e-flex e-con e-parent\" data-id=\"7286ab0\" data-element_type=\"container\" data-settings=\"{&quot;content_width&quot;:&quot;full&quot;}\" data-core-v316-plus=\"true\">\n\t\t<div class=\"elementor-element elementor-element-9fb4a18 e-con-full e-flex e-con e-child\" data-id=\"9fb4a18\" data-element_type=\"container\" data-settings=\"{&quot;content_width&quot;:&quot;full&quot;,&quot;background_background&quot;:&quot;classic&quot;}\">\n\t\t\t\t<\/div>\n\t\t\t\t<\/div>\n\t\t<div class=\"elementor-element elementor-element-1460a68 e-con-full e-flex e-con e-parent\" data-id=\"1460a68\" data-element_type=\"container\" data-settings=\"{&quot;content_width&quot;:&quot;full&quot;}\" data-core-v316-plus=\"true\">\n\t\t<div class=\"elementor-element elementor-element-7a5ed9f e-con-full e-flex e-con e-child\" data-id=\"7a5ed9f\" data-element_type=\"container\" data-settings=\"{&quot;content_width&quot;:&quot;full&quot;}\">\n\t\t\t\t<div class=\"elementor-element elementor-element-dbbe9f6 elementor-widget__width-inherit elementor-widget-mobile__width-inherit elementor-widget elementor-widget-text-editor\" data-id=\"dbbe9f6\" data-element_type=\"widget\" data-widget_type=\"text-editor.default\">\n\t\t\t\t<div class=\"elementor-widget-container\">\n\t\t\t\t\t\t\tTambi\u00e9n estamos en ABC&#038;D, un Smart Retail de marcas lideres en el mercado de acabados de construcci\u00f3n, mobiliario y servicios para la construcci\u00f3n, un nuevo retail para la arquitectura y el dise\u00f1o.\t\t\t\t\t\t<\/div>\n\t\t\t\t<\/div>\n\t\t\t\t<div class=\"elementor-element elementor-element-a2cf7a0 elementor-widget elementor-widget-text-editor\" data-id=\"a2cf7a0\" data-element_type=\"widget\" data-widget_type=\"text-editor.default\">\n\t\t\t\t<div class=\"elementor-widget-container\">\n\t\t\t\t\t\t\t<span style=\"color: #222222;\"><a style=\"color: #222222;\" href=\"https:\/\/abcd.com.co\">https:\/\/abcd.com.co<\/a><\/span>\t\t\t\t\t\t<\/div>\n\t\t\t\t<\/div>\n\t\t\t\t<\/div>\n\t\t\t\t<\/div>\n\t\t\t\t\t\t\t<\/div>\n\t\t","protected":false},"excerpt":{"rendered":"<p>Somos una empresa industrial que busca encontrar soluciones en sistemas vidriados que permitan aumentar el confort y el bienestar de quienes habitan los espacios. Para alcanzar este objetivo contamos con dos l\u00edneas de negocio. QUI\u00c9NES SOMOS QU\u00c9 HACEMOS Transformamos vidrio arquitect\u00f3nico en templado, laminado, DVH, control solar, bajo emisivo, blindados, entre otros. Dise\u00f1amos, fabricamos e [&hellip;]<\/p>\n","protected":false},"author":1,"featured_media":0,"parent":0,"menu_order":0,"comment_status":"closed","ping_status":"closed","template":"","meta":{"footnotes":""},"class_list":["post-225","page","type-page","status-publish","hentry"],"yoast_head":"<!-- This site is optimized with the Yoast SEO plugin v21.4 - https:\/\/yoast.com\/wordpress\/plugins\/seo\/ -->\n<title>Qui\u00e9nes somos - Satto<\/title>\n<meta name=\"robots\" content=\"index, follow, max-snippet:-1, max-image-preview:large, max-video-preview:-1\" \/>\n<link rel=\"canonical\" href=\"https:\/\/goastra.co\/clientes\/satto\/quienes-somos\/\" \/>\n<meta property=\"og:locale\" content=\"es_ES\" \/>\n<meta property=\"og:type\" content=\"article\" \/>\n<meta property=\"og:title\" content=\"Qui\u00e9nes somos - Satto\" \/>\n<meta property=\"og:description\" content=\"Somos una empresa industrial que busca encontrar soluciones en sistemas vidriados que permitan aumentar el confort y el bienestar de quienes habitan los espacios. Para alcanzar este objetivo contamos con dos l\u00edneas de negocio. QUI\u00c9NES SOMOS QU\u00c9 HACEMOS Transformamos vidrio arquitect\u00f3nico en templado, laminado, DVH, control solar, bajo emisivo, blindados, entre otros. Dise\u00f1amos, fabricamos e [&hellip;]\" \/>\n<meta property=\"og:url\" content=\"https:\/\/goastra.co\/clientes\/satto\/quienes-somos\/\" \/>\n<meta property=\"og:site_name\" content=\"Satto\" \/>\n<meta property=\"article:modified_time\" content=\"2023-10-17T16:54:35+00:00\" \/>\n<meta name=\"twitter:card\" content=\"summary_large_image\" \/>\n<meta name=\"twitter:label1\" content=\"Tiempo estimado de lectura\" \/>\n\t<meta name=\"twitter:data1\" content=\"1 minuto\" \/>\n<script type=\"application\/ld+json\" class=\"yoast-schema-graph\">{\"@context\":\"https:\/\/schema.org\",\"@graph\":[{\"@type\":\"WebPage\",\"@id\":\"https:\/\/goastra.co\/clientes\/satto\/quienes-somos\/\",\"url\":\"https:\/\/goastra.co\/clientes\/satto\/quienes-somos\/\",\"name\":\"Qui\u00e9nes somos - Satto\",\"isPartOf\":{\"@id\":\"https:\/\/goastra.co\/clientes\/satto\/#website\"},\"datePublished\":\"2023-08-28T15:44:55+00:00\",\"dateModified\":\"2023-10-17T16:54:35+00:00\",\"inLanguage\":\"es-CO\",\"potentialAction\":[{\"@type\":\"ReadAction\",\"target\":[\"https:\/\/goastra.co\/clientes\/satto\/quienes-somos\/\"]}]},{\"@type\":\"WebSite\",\"@id\":\"https:\/\/goastra.co\/clientes\/satto\/#website\",\"url\":\"https:\/\/goastra.co\/clientes\/satto\/\",\"name\":\"Satto\",\"description\":\"origen + transformaci\u00f3n + armon\u00eda\",\"potentialAction\":[{\"@type\":\"SearchAction\",\"target\":{\"@type\":\"EntryPoint\",\"urlTemplate\":\"https:\/\/goastra.co\/clientes\/satto\/?s={search_term_string}\"},\"query-input\":\"required name=search_term_string\"}],\"inLanguage\":\"es-CO\"}]}<\/script>\n<!-- \/ Yoast SEO plugin. -->","yoast_head_json":{"title":"Qui\u00e9nes somos - Satto","robots":{"index":"index","follow":"follow","max-snippet":"max-snippet:-1","max-image-preview":"max-image-preview:large","max-video-preview":"max-video-preview:-1"},"canonical":"https:\/\/goastra.co\/clientes\/satto\/quienes-somos\/","og_locale":"es_ES","og_type":"article","og_title":"Qui\u00e9nes somos - Satto","og_description":"Somos una empresa industrial que busca encontrar soluciones en sistemas vidriados que permitan aumentar el confort y el bienestar de quienes habitan los espacios. Para alcanzar este objetivo contamos con dos l\u00edneas de negocio. QUI\u00c9NES SOMOS QU\u00c9 HACEMOS Transformamos vidrio arquitect\u00f3nico en templado, laminado, DVH, control solar, bajo emisivo, blindados, entre otros. Dise\u00f1amos, fabricamos e [&hellip;]","og_url":"https:\/\/goastra.co\/clientes\/satto\/quienes-somos\/","og_site_name":"Satto","article_modified_time":"2023-10-17T16:54:35+00:00","twitter_card":"summary_large_image","twitter_misc":{"Tiempo estimado de lectura":"1 minuto"},"schema":{"@context":"https:\/\/schema.org","@graph":[{"@type":"WebPage","@id":"https:\/\/goastra.co\/clientes\/satto\/quienes-somos\/","url":"https:\/\/goastra.co\/clientes\/satto\/quienes-somos\/","name":"Qui\u00e9nes somos - Satto","isPartOf":{"@id":"https:\/\/goastra.co\/clientes\/satto\/#website"},"datePublished":"2023-08-28T15:44:55+00:00","dateModified":"2023-10-17T16:54:35+00:00","inLanguage":"es-CO","potentialAction":[{"@type":"ReadAction","target":["https:\/\/goastra.co\/clientes\/satto\/quienes-somos\/"]}]},{"@type":"WebSite","@id":"https:\/\/goastra.co\/clientes\/satto\/#website","url":"https:\/\/goastra.co\/clientes\/satto\/","name":"Satto","description":"origen + transformaci\u00f3n + armon\u00eda","potentialAction":[{"@type":"SearchAction","target":{"@type":"EntryPoint","urlTemplate":"https:\/\/goastra.co\/clientes\/satto\/?s={search_term_string}"},"query-input":"required name=search_term_string"}],"inLanguage":"es-CO"}]}},"_links":{"self":[{"href":"https:\/\/goastra.co\/clientes\/satto\/wp-json\/wp\/v2\/pages\/225","targetHints":{"allow":["GET"]}}],"collection":[{"href":"https:\/\/goastra.co\/clientes\/satto\/wp-json\/wp\/v2\/pages"}],"about":[{"href":"https:\/\/goastra.co\/clientes\/satto\/wp-json\/wp\/v2\/types\/page"}],"author":[{"embeddable":true,"href":"https:\/\/goastra.co\/clientes\/satto\/wp-json\/wp\/v2\/users\/1"}],"replies":[{"embeddable":true,"href":"https:\/\/goastra.co\/clientes\/satto\/wp-json\/wp\/v2\/comments?post=225"}],"version-history":[{"count":68,"href":"https:\/\/goastra.co\/clientes\/satto\/wp-json\/wp\/v2\/pages\/225\/revisions"}],"predecessor-version":[{"id":847,"href":"https:\/\/goastra.co\/clientes\/satto\/wp-json\/wp\/v2\/pages\/225\/revisions\/847"}],"wp:attachment":[{"href":"https:\/\/goastra.co\/clientes\/satto\/wp-json\/wp\/v2\/media?parent=225"}],"curies":[{"name":"wp","href":"https:\/\/api.w.org\/{rel}","templated":true}]}}